{"id":15180,"date":"2020-11-19T17:19:27","date_gmt":"2020-11-19T17:19:27","guid":{"rendered":"https:\/\/peruvianexport.com\/?page_id=15180"},"modified":"2020-11-19T17:47:08","modified_gmt":"2020-11-19T17:47:08","slug":"aboutus","status":"publish","type":"page","link":"https:\/\/peruvianexport.com\/en\/aboutus\/","title":{"rendered":"About Us"},"content":{"rendered":"<p>[vc_row][vc_column]\r\n\t<div class=\"agrikole-spacer clearfix\" data-desktop=\"50\" data-mobi=\"60\" data-smobi=\"60\"><\/div>[vc_row_inner][vc_column_inner width=&#8221;1\/2&#8243;]<div class=\"agrikole-headings clearfix \" data-font=42 data-mfont=42 style=\"\"><div class=\"pre-heading clearfix\" style=\"font-weight:700;color:#3bbf31;font-size:18px;letter-spacing:3px;\">\r\n\t\tTRADERS IN\r\n\t<\/div><h2 class=\"heading clearfix \" style=\"color:#333333;line-height:55px;font-size:42px;\">\r\n\t\tNatural Ingredients<br \/>\nand Organic\r\n\t<\/h2><div class=\"sep clearfix\" style=\"margin:5px 0 0;\">\r\n\t\t\t\t<img alt=\"image\" src=\"https:\/\/peruvianexport.com\/wp-content\/uploads\/2020\/11\/separator-naranja.png\">\r\n\t\t\t<\/div><\/div>\r\n\t<div class=\"agrikole-spacer clearfix\" data-desktop=\"25\" data-mobi=\"30\" data-smobi=\"30\"><\/div>[vc_column_text]<\/p>\n<p style=\"text-align: justify; line-height: 27px;\">We are a Team of Professionals and Technicians, with experience in the agricultural industry, in the field of production and marketing of natural and organic ingredients. Our work team is firmly committed to organic procedures and good agricultural and manufacturing practices. Our agricultural associates are in different ecological levels, mainly in the central region of Peru. Here we work integrated with our associated small agricultural producers, who have maintained ancestral crops and those they consider as the main source of their income.<\/p>\n<p>[\/vc_column_text]\r\n\t<div class=\"agrikole-spacer clearfix\" data-desktop=\"25\" data-mobi=\"25\" data-smobi=\"25\"><\/div>[vc_btn title=&#8221;See Our Products&#8221; style=&#8221;custom&#8221; custom_background=&#8221;#3fad4e&#8221; custom_text=&#8221;#ffffff&#8221; i_type=&#8221;linecons&#8221; i_icon_linecons=&#8221;vc_li vc_li-shop&#8221; add_icon=&#8221;true&#8221; link=&#8221;url:%2Fen%2Four-products%2F&#8221;][\/vc_column_inner][vc_column_inner width=&#8221;1\/2&#8243;]\r\n\t<div class=\"agrikole-parallax-box\"><div class=\"parallax-wrap\"><div class=\"agrikole-parallax-item \" style=\"left:-15px;\" data-parallax='{\"y\" : 0, \"smoothness\" : 20}' data-top=\"\"><img class=\"parallax-image\" src=\"https:\/\/peruvianexport.com\/wp-content\/uploads\/2020\/11\/img-nosotros.png\" alt=\"image\"><\/div><\/div><\/div>\r\n\t<div class=\"agrikole-spacer clearfix\" data-desktop=\"0\" data-mobi=\"35\" data-smobi=\"35\"><\/div>[\/vc_column_inner][\/vc_row_inner]\r\n\t<div class=\"agrikole-spacer clearfix\" data-desktop=\"50\" data-mobi=\"60\" data-smobi=\"60\"><\/div>[\/vc_column][\/vc_row][vc_row full_width=&#8221;stretch_row&#8221; el_class=&#8221;overflow-visible&#8221; css=&#8221;.vc_custom_1605636343444{background-image: url(https:\/\/peruvianexport.com\/wp-content\/uploads\/2020\/11\/bg-mision-vision.png?id=14935) !important;background-position: center !important;background-repeat: no-repeat !important;background-size: cover !important;}&#8221;][vc_column]\r\n\t<div class=\"agrikole-spacer clearfix\" data-desktop=\"90\" data-mobi=\"60\" data-smobi=\"60\"><\/div>[vc_row_inner equal_height=&#8221;yes&#8221;][vc_column_inner width=&#8221;1\/3&#8243;]<div class=\"agrikole-content-box clearfix overflow-hidden\" data-padding=\"40px\" data-mobipadding=\"40px\" data-margin=\"\" data-mobimargin=\"\" >\r\n\t\t<div class=\"inner ctb-564063769\" style=\"background:url(https:\/\/peruvianexport.com\/wp-content\/uploads\/2020\/11\/mision-1.png) left top no-repeat;background-size:cover;\"  data-background=\"\" data-rounded=\"5px\" data-border-style=\"solid\" data-border-style-hover=\"solid\">\r\n\t\t\t[vc_column_text]<img src=\"\/wp-content\/uploads\/2020\/11\/mision.png\" class=\"aligncenter\" style=\"margin-bottom: -15px;\" \/><\/p>\n<h3 style=\"font-size: 20px; line-height: 28px; color: #3fad4e; text-align: center; font-weight: 500; margin-bottom: 10px;\">OUR MISSION<\/h3>\n<p style=\"text-align: center; line-height: 28px;\"><span style=\"color: #333;\">We are a company oriented to grow, transform and commercialize superfoods based on Andean and Amazonian raw materials, complying with the most demanding world quality certifications.<\/span><\/p>\n<p>[\/vc_column_text]\r\n\t\t<\/div>\r\n\t<\/div>[\/vc_column_inner][vc_column_inner width=&#8221;1\/3&#8243;]<div class=\"agrikole-content-box clearfix overflow-hidden\" data-padding=\"40px\" data-mobipadding=\"40px\" data-margin=\"\" data-mobimargin=\"25px 0px 25px 0px\" >\r\n\t\t<div class=\"inner ctb-1855394968\" style=\"background:url(https:\/\/peruvianexport.com\/wp-content\/uploads\/2020\/11\/certificacion-1.png) left top no-repeat;background-size:cover;\"  data-background=\"\" data-rounded=\"5px\" data-border-style=\"solid\" data-border-style-hover=\"solid\">\r\n\t\t\t[vc_column_text]<img src=\"\/wp-content\/uploads\/2020\/11\/vision.png\" class=\"aligncenter\" style=\"margin-bottom: -15px;\" \/><\/p>\n<h3 style=\"font-size: 20px; line-height: 28px; color: #3fad4e; text-align: center; font-weight: 500; margin-bottom: 10px;\">OUR VISION<\/h3>\n<p style=\"text-align: center; line-height: 28px;\"><span style=\"color: #333;\">By 2025, to be the leading organic food agribusiness company (Andean and Amazonian) nationally and internationally, generating added value through the continuous development of its quality products.<\/span><\/p>\n<p>[\/vc_column_text]\r\n\t\t<\/div>\r\n\t<\/div>[\/vc_column_inner][vc_column_inner width=&#8221;1\/3&#8243;]<div class=\"agrikole-content-box clearfix overflow-hidden\" data-padding=\"40px\" data-mobipadding=\"40px\" data-margin=\"\" data-mobimargin=\"\" >\r\n\t\t<div class=\"inner ctb-1577765317\" style=\"background:url(https:\/\/peruvianexport.com\/wp-content\/uploads\/2020\/11\/vision-1.png) left top no-repeat;background-size:cover;\"  data-background=\"\" data-rounded=\"5px\" data-border-style=\"solid\" data-border-style-hover=\"solid\">\r\n\t\t\t[vc_column_text]<img src=\"\/wp-content\/uploads\/2020\/11\/certificacion.png\" class=\"aligncenter\" style=\"margin-bottom: -15px;\" \/><\/p>\n<h3 style=\"font-size: 20px; line-height: 28px; color: #3fad4e; text-align: center; font-weight: 500; margin-bottom: 10px;\">CERTIFICATIONS<\/h3>\n<p style=\"text-align: center; line-height: 28px;\"><span style=\"color: #333;\">Organic production standards apply to the process of planting, harvesting, post-harvesting, production, and handling of food. We have as our supply centers in strategic points.<\/span><\/p>\n<p>[\/vc_column_text]\r\n\t\t<\/div>\r\n\t<\/div>[\/vc_column_inner][\/vc_row_inner]\r\n\t<div class=\"agrikole-spacer clearfix\" data-desktop=\"90\" data-mobi=\"60\" data-smobi=\"60\"><\/div>[\/vc_column][\/vc_row][vc_row full_width=&#8221;stretch_row_content&#8221;][vc_column]\r\n\t<div class=\"agrikole-spacer clearfix\" data-desktop=\"50\" data-mobi=\"30\" data-smobi=\"30\"><\/div><div class=\"agrikole-headings clearfix text-center\" data-font=42 data-mfont=42 style=\"\"><div class=\"pre-heading clearfix\" style=\"font-weight:700;color:#3bbf31;font-size:18px;letter-spacing:3px;\">\r\n\t\tQUALITY PRODUCTS\r\n\t<\/div><h2 class=\"heading clearfix \" style=\"color:#333333;line-height:42px;font-size:42px;\">\r\n\t\tIdentify us\r\n\t<\/h2><div class=\"sub-heading clearfix\">\r\n\t\t<p>Our Natural Products in Peru make a difference.<\/p>\n\r\n\t<\/div><div class=\"sep clearfix\" style=\"margin:5px 0 0;\">\r\n\t\t\t\t<img alt=\"image\" src=\"https:\/\/peruvianexport.com\/wp-content\/uploads\/2020\/11\/separator-naranja.png\">\r\n\t\t\t<\/div><\/div>\r\n\t<div class=\"agrikole-spacer clearfix\" data-desktop=\"25\" data-mobi=\"30\" data-smobi=\"30\"><\/div><div class=\"agrikole-content-box clearfix \" data-padding=\"\" data-mobipadding=\"\" data-margin=\"0px 105px 0px 105px\" data-mobimargin=\"0px 0px 0px 0px\" >\r\n\t\t<div class=\"inner ctb-319847185\" style=\"\"  data-background=\"\" data-border-style=\"solid\" data-border-style-hover=\"solid\">\r\n\t\t\t<div class=\"agrikole-images-grid clearfix\" data-layout=\"mosaic\" data-column=\"5\" data-column2=\"4\" data-column3=\"3\" data-column4=\"2\" data-gaph=\"20\" data-gapv=\"20\"><div id=\"images-wrap\" class=\"cbp\"><div class=\"cbp-item\"><div class=\"item-wrap\" style=\"border-radius:5px;overflow:hidden;\"><a class=\"zoom-popup cbp-lightbox\" href=\"https:\/\/peruvianexport.com\/wp-content\/uploads\/2020\/11\/img-1.png\"><\/a><img src=\"https:\/\/peruvianexport.com\/wp-content\/uploads\/2020\/11\/img-1.png\" alt=\"image\" \/><\/div><\/div><div class=\"cbp-item\"><div class=\"item-wrap\" style=\"border-radius:5px;overflow:hidden;\"><a class=\"zoom-popup cbp-lightbox\" href=\"https:\/\/peruvianexport.com\/wp-content\/uploads\/2020\/11\/img-3.png\"><\/a><img src=\"https:\/\/peruvianexport.com\/wp-content\/uploads\/2020\/11\/img-3.png\" alt=\"image\" \/><\/div><\/div><div class=\"cbp-item\"><div class=\"item-wrap\" style=\"border-radius:5px;overflow:hidden;\"><a class=\"zoom-popup cbp-lightbox\" href=\"https:\/\/peruvianexport.com\/wp-content\/uploads\/2020\/11\/img-4.png\"><\/a><img src=\"https:\/\/peruvianexport.com\/wp-content\/uploads\/2020\/11\/img-4.png\" alt=\"image\" \/><\/div><\/div><div class=\"cbp-item\"><div class=\"item-wrap\" style=\"border-radius:5px;overflow:hidden;\"><a class=\"zoom-popup cbp-lightbox\" href=\"https:\/\/peruvianexport.com\/wp-content\/uploads\/2020\/11\/img-5.png\"><\/a><img src=\"https:\/\/peruvianexport.com\/wp-content\/uploads\/2020\/11\/img-5.png\" alt=\"image\" \/><\/div><\/div><div class=\"cbp-item\"><div class=\"item-wrap\" style=\"border-radius:5px;overflow:hidden;\"><a class=\"zoom-popup cbp-lightbox\" href=\"https:\/\/peruvianexport.com\/wp-content\/uploads\/2020\/11\/img-6.png\"><\/a><img src=\"https:\/\/peruvianexport.com\/wp-content\/uploads\/2020\/11\/img-6.png\" alt=\"image\" \/><\/div><\/div><\/div><\/div>\r\n\t\t<\/div>\r\n\t<\/div>\r\n\t<div class=\"agrikole-spacer clearfix\" data-desktop=\"50\" data-mobi=\"40\" data-smobi=\"40\"><\/div>[\/vc_column][\/vc_row]<\/p>\n","protected":false},"excerpt":{"rendered":"<p>[vc_row][vc_column][vc_row_inner][vc_column_inner width=&#8221;1\/2&#8243;][vc_column_text] We are a Team of Professionals and Technicians, with experience in the agricultural industry, in the field of production and marketing of natural and organic ingredients. Our work team is firmly committed to organic procedures and good agricultural and manufacturing practices. Our agricultural associates are in different ecological<\/p>\n","protected":false},"author":1,"featured_media":0,"parent":0,"menu_order":0,"comment_status":"closed","ping_status":"closed","template":"","meta":[],"yoast_head":"<!-- This site is optimized with the Yoast SEO Premium plugin v15.2 - https:\/\/yoast.com\/wordpress\/plugins\/seo\/ -->\n<title>About Us | Productos Naturales Org\u00e1nicos<\/title>\n<meta name=\"description\" content=\"Dedicados a la producci\u00f3n y comercializaci\u00f3n de Productos Naturales Org\u00e1nicos provenientes del procesamiento de frutas y semillas.\" \/>\n<meta name=\"robots\" content=\"index, follow, max-snippet:-1, max-image-preview:large, max-video-preview:-1\" \/>\n<link rel=\"canonical\" href=\"https:\/\/peruvianexport.com\/en\/aboutus\/\" \/>\n<meta property=\"og:locale\" content=\"en_US\" \/>\n<meta property=\"og:type\" content=\"article\" \/>\n<meta property=\"og:title\" content=\"About Us | Productos Naturales Org\u00e1nicos\" \/>\n<meta property=\"og:description\" content=\"Dedicados a la producci\u00f3n y comercializaci\u00f3n de Productos Naturales Org\u00e1nicos provenientes del procesamiento de frutas y semillas.\" \/>\n<meta property=\"og:url\" content=\"https:\/\/peruvianexport.com\/en\/aboutus\/\" \/>\n<meta property=\"og:site_name\" content=\"Peruvians\" \/>\n<meta property=\"article:publisher\" content=\"https:\/\/www.facebook.com\/peruvianexport\/\" \/>\n<meta property=\"article:modified_time\" content=\"2020-11-19T17:47:08+00:00\" \/>\n<meta property=\"og:image\" content=\"https:\/\/peruvianexport.com\/wp-content\/uploads\/2020\/11\/mision.png\" \/>\n<meta name=\"twitter:card\" content=\"summary_large_image\" \/>\n<meta name=\"twitter:label1\" value=\"Written by\">\n\t<meta name=\"twitter:data1\" value=\"peruvians\">\n\t<meta name=\"twitter:label2\" value=\"Est. reading time\">\n\t<meta name=\"twitter:data2\" value=\"2 minutes\">\n<script type=\"application\/ld+json\" class=\"yoast-schema-graph\">{\"@context\":\"https:\/\/schema.org\",\"@graph\":[{\"@type\":\"Organization\",\"@id\":\"https:\/\/peruvianexport.com\/#organization\",\"name\":\"Peruvians\",\"url\":\"https:\/\/peruvianexport.com\/\",\"sameAs\":[\"https:\/\/www.facebook.com\/peruvianexport\/\"],\"logo\":{\"@type\":\"ImageObject\",\"@id\":\"https:\/\/peruvianexport.com\/#logo\",\"inLanguage\":\"en-US\",\"url\":\"https:\/\/peruvianexport.com\/wp-content\/uploads\/2020\/11\/logo-peruvians-1.png\",\"width\":90,\"height\":90,\"caption\":\"Peruvians\"},\"image\":{\"@id\":\"https:\/\/peruvianexport.com\/#logo\"}},{\"@type\":\"WebSite\",\"@id\":\"https:\/\/peruvianexport.com\/#website\",\"url\":\"https:\/\/peruvianexport.com\/\",\"name\":\"Peruvians\",\"description\":\"Productos Naturales Org\\u00e1nicos\",\"publisher\":{\"@id\":\"https:\/\/peruvianexport.com\/#organization\"},\"potentialAction\":[{\"@type\":\"SearchAction\",\"target\":\"https:\/\/peruvianexport.com\/?s={search_term_string}\",\"query-input\":\"required name=search_term_string\"}],\"inLanguage\":\"en-US\"},{\"@type\":\"ImageObject\",\"@id\":\"https:\/\/peruvianexport.com\/en\/aboutus\/#primaryimage\",\"inLanguage\":\"en-US\",\"url\":\"\/wp-content\/uploads\/2020\/11\/mision.png\"},{\"@type\":\"WebPage\",\"@id\":\"https:\/\/peruvianexport.com\/en\/aboutus\/#webpage\",\"url\":\"https:\/\/peruvianexport.com\/en\/aboutus\/\",\"name\":\"About Us | Productos Naturales Org\\u00e1nicos\",\"isPartOf\":{\"@id\":\"https:\/\/peruvianexport.com\/#website\"},\"primaryImageOfPage\":{\"@id\":\"https:\/\/peruvianexport.com\/en\/aboutus\/#primaryimage\"},\"datePublished\":\"2020-11-19T17:19:27+00:00\",\"dateModified\":\"2020-11-19T17:47:08+00:00\",\"description\":\"Dedicados a la producci\\u00f3n y comercializaci\\u00f3n de Productos Naturales Org\\u00e1nicos provenientes del procesamiento de frutas y semillas.\",\"inLanguage\":\"en-US\",\"potentialAction\":[{\"@type\":\"ReadAction\",\"target\":[\"https:\/\/peruvianexport.com\/en\/aboutus\/\"]}]}]}<\/script>\n<!-- \/ Yoast SEO Premium plugin. -->","_links":{"self":[{"href":"https:\/\/peruvianexport.com\/en\/wp-json\/wp\/v2\/pages\/15180\/"}],"collection":[{"href":"https:\/\/peruvianexport.com\/en\/wp-json\/wp\/v2\/pages\/"}],"about":[{"href":"https:\/\/peruvianexport.com\/en\/wp-json\/wp\/v2\/types\/page\/"}],"author":[{"embeddable":true,"href":"https:\/\/peruvianexport.com\/en\/wp-json\/wp\/v2\/users\/1\/"}],"replies":[{"embeddable":true,"href":"https:\/\/peruvianexport.com\/en\/wp-json\/wp\/v2\/comments\/?post=15180"}],"version-history":[{"count":3,"href":"https:\/\/peruvianexport.com\/en\/wp-json\/wp\/v2\/pages\/15180\/revisions\/"}],"predecessor-version":[{"id":15194,"href":"https:\/\/peruvianexport.com\/en\/wp-json\/wp\/v2\/pages\/15180\/revisions\/15194\/"}],"wp:attachment":[{"href":"https:\/\/peruvianexport.com\/en\/wp-json\/wp\/v2\/media\/?parent=15180"}],"curies":[{"name":"wp","href":"https:\/\/api.w.org\/{rel}","templated":true}]}}