{"id":15177,"date":"2020-11-19T17:16:17","date_gmt":"2020-11-19T17:16:17","guid":{"rendered":"https:\/\/peruvianexport.com\/?page_id=15177"},"modified":"2020-11-19T20:37:23","modified_gmt":"2020-11-19T20:37:23","slug":"our-products","status":"publish","type":"page","link":"https:\/\/peruvianexport.com\/en\/our-products\/","title":{"rendered":"Our Products"},"content":{"rendered":"<p>[vc_row full_width=&#8221;stretch_row&#8221;][vc_column]\r\n\t<div class=\"agrikole-spacer clearfix\" data-desktop=\"50\" data-mobi=\"30\" data-smobi=\"30\"><\/div><div class=\"agrikole-headings clearfix text-center\" data-font=42 data-mfont=42 style=\"\"><div class=\"pre-heading clearfix\" style=\"font-weight:700;color:#3bbf31;font-size:18px;letter-spacing:3px;\">\r\n\t\tEXCELLENCE AND QUALITY\r\n\t<\/div><h2 class=\"heading clearfix \" style=\"color:#333333;line-height:42px;font-size:42px;\">\r\n\t\tOur Products\r\n\t<\/h2><div class=\"sub-heading clearfix\">\r\n\t\t<p>We are firmly committed to organic procedures and good Agricultural practices.<\/p>\n\r\n\t<\/div><div class=\"sep clearfix\" style=\"margin:5px 0 0;\">\r\n\t\t\t\t<img alt=\"image\" src=\"https:\/\/peruvianexport.com\/wp-content\/uploads\/2020\/11\/separator-naranja.png\">\r\n\t\t\t<\/div><\/div>\r\n\t<div class=\"agrikole-spacer clearfix\" data-desktop=\"25\" data-mobi=\"30\" data-smobi=\"30\"><\/div>\r\n<div class=\"agrikole-project-grid  image-rounded\" data-layout=\"masonry\" data-column=\"3\" data-column2=\"3\" data-column3=\"2\" data-column4=\"1\" data-gaph=\"30\" data-gapv=\"30\" data-filter=\"\">\r\n<div style=\"\">\r\n\r\n\t\r\n\t\t<div id=\"portfolio\" class=\"cbp\">\r\n\t\t    \r\n\t            <div class=\"cbp-item \">\r\n\t\t\t\t\t<div class=\"project-box\">\r\n\t\t\t\t\t\t<div class=\"inner\">\r\n\t\t\t\t\t\t\t<div class=\"project-image\"><img width=\"472\" height=\"603\" src=\"https:\/\/peruvianexport.com\/wp-content\/uploads\/2020\/11\/snack-en.png\" class=\"attachment-agrikole-full size-agrikole-full wp-post-image\" alt=\"\" loading=\"lazy\" srcset=\"https:\/\/peruvianexport.com\/wp-content\/uploads\/2020\/11\/snack-en.png 472w, https:\/\/peruvianexport.com\/wp-content\/uploads\/2020\/11\/snack-en-235x300.png 235w\" sizes=\"(max-width: 472px) 100vw, 472px\" \/><div class=\"title-wrap\" style=\"\"><h4 class=\"title\"><a href=\"https:\/\/peruvianexport.com\/en\/project\/snack-dehydrated\/\" title=\"SNACK \/\r\nDEHYDRATED\">SNACK \/\r\nDEHYDRATED<\/a><\/h4><\/div><div class=\"project-text\" style=\"\"><h4 class=\"title\"><a href=\"https:\/\/peruvianexport.com\/en\/project\/snack-dehydrated\/\" title=\"SNACK \/\r\nDEHYDRATED\">SNACK \/\r\nDEHYDRATED<\/a><\/h4><div class=\"button\"><a href=\"https:\/\/peruvianexport.com\/en\/project\/snack-dehydrated\/\">Read More<\/a><\/div><div class=\"arrow\"><a href=\"https:\/\/peruvianexport.com\/en\/project\/snack-dehydrated\/\"><span class=\"core-icon-next\"><\/span><\/a><\/div><\/div><\/div>\t\t                <\/div>\r\n\t\t\t\t\t<\/div><!-- \/.project-box -->\r\n\t            <\/div><!-- \/.cbp-item -->\r\n\t\t\t\r\n\t            <div class=\"cbp-item \">\r\n\t\t\t\t\t<div class=\"project-box\">\r\n\t\t\t\t\t\t<div class=\"inner\">\r\n\t\t\t\t\t\t\t<div class=\"project-image\"><img width=\"472\" height=\"603\" src=\"https:\/\/peruvianexport.com\/wp-content\/uploads\/2020\/11\/corteza-en.png\" class=\"attachment-agrikole-full size-agrikole-full wp-post-image\" alt=\"\" loading=\"lazy\" srcset=\"https:\/\/peruvianexport.com\/wp-content\/uploads\/2020\/11\/corteza-en.png 472w, https:\/\/peruvianexport.com\/wp-content\/uploads\/2020\/11\/corteza-en-235x300.png 235w\" sizes=\"(max-width: 472px) 100vw, 472px\" \/><div class=\"title-wrap\" style=\"\"><h4 class=\"title\"><a href=\"https:\/\/peruvianexport.com\/en\/project\/natural-bark\/\" title=\"NATURAL \/ BARK\">NATURAL \/ BARK<\/a><\/h4><\/div><div class=\"project-text\" style=\"\"><h4 class=\"title\"><a href=\"https:\/\/peruvianexport.com\/en\/project\/natural-bark\/\" title=\"NATURAL \/ BARK\">NATURAL \/ BARK<\/a><\/h4><div class=\"button\"><a href=\"https:\/\/peruvianexport.com\/en\/project\/natural-bark\/\">Read More<\/a><\/div><div class=\"arrow\"><a href=\"https:\/\/peruvianexport.com\/en\/project\/natural-bark\/\"><span class=\"core-icon-next\"><\/span><\/a><\/div><\/div><\/div>\t\t                <\/div>\r\n\t\t\t\t\t<\/div><!-- \/.project-box -->\r\n\t            <\/div><!-- \/.cbp-item -->\r\n\t\t\t\r\n\t            <div class=\"cbp-item \">\r\n\t\t\t\t\t<div class=\"project-box\">\r\n\t\t\t\t\t\t<div class=\"inner\">\r\n\t\t\t\t\t\t\t<div class=\"project-image\"><img width=\"472\" height=\"603\" src=\"https:\/\/peruvianexport.com\/wp-content\/uploads\/2020\/11\/esencia-en.png\" class=\"attachment-agrikole-full size-agrikole-full wp-post-image\" alt=\"\" loading=\"lazy\" srcset=\"https:\/\/peruvianexport.com\/wp-content\/uploads\/2020\/11\/esencia-en.png 472w, https:\/\/peruvianexport.com\/wp-content\/uploads\/2020\/11\/esencia-en-235x300.png 235w\" sizes=\"(max-width: 472px) 100vw, 472px\" \/><div class=\"title-wrap\" style=\"\"><h4 class=\"title\"><a href=\"https:\/\/peruvianexport.com\/en\/project\/essence-oil\/\" title=\"ESSENCE \/ OIL\">ESSENCE \/ OIL<\/a><\/h4><\/div><div class=\"project-text\" style=\"\"><h4 class=\"title\"><a href=\"https:\/\/peruvianexport.com\/en\/project\/essence-oil\/\" title=\"ESSENCE \/ OIL\">ESSENCE \/ OIL<\/a><\/h4><div class=\"button\"><a href=\"https:\/\/peruvianexport.com\/en\/project\/essence-oil\/\">Read More<\/a><\/div><div class=\"arrow\"><a href=\"https:\/\/peruvianexport.com\/en\/project\/essence-oil\/\"><span class=\"core-icon-next\"><\/span><\/a><\/div><\/div><\/div>\t\t                <\/div>\r\n\t\t\t\t\t<\/div><!-- \/.project-box -->\r\n\t            <\/div><!-- \/.cbp-item -->\r\n\t\t\t\r\n\t            <div class=\"cbp-item \">\r\n\t\t\t\t\t<div class=\"project-box\">\r\n\t\t\t\t\t\t<div class=\"inner\">\r\n\t\t\t\t\t\t\t<div class=\"project-image\"><img width=\"472\" height=\"603\" src=\"https:\/\/peruvianexport.com\/wp-content\/uploads\/2020\/11\/jarabes-en.png\" class=\"attachment-agrikole-full size-agrikole-full wp-post-image\" alt=\"\" loading=\"lazy\" srcset=\"https:\/\/peruvianexport.com\/wp-content\/uploads\/2020\/11\/jarabes-en.png 472w, https:\/\/peruvianexport.com\/wp-content\/uploads\/2020\/11\/jarabes-en-235x300.png 235w\" sizes=\"(max-width: 472px) 100vw, 472px\" \/><div class=\"title-wrap\" style=\"\"><h4 class=\"title\"><a href=\"https:\/\/peruvianexport.com\/en\/project\/syrup\/\" title=\"SYRUP\">SYRUP<\/a><\/h4><\/div><div class=\"project-text\" style=\"\"><h4 class=\"title\"><a href=\"https:\/\/peruvianexport.com\/en\/project\/syrup\/\" title=\"SYRUP\">SYRUP<\/a><\/h4><div class=\"button\"><a href=\"https:\/\/peruvianexport.com\/en\/project\/syrup\/\">Read More<\/a><\/div><div class=\"arrow\"><a href=\"https:\/\/peruvianexport.com\/en\/project\/syrup\/\"><span class=\"core-icon-next\"><\/span><\/a><\/div><\/div><\/div>\t\t                <\/div>\r\n\t\t\t\t\t<\/div><!-- \/.project-box -->\r\n\t            <\/div><!-- \/.cbp-item -->\r\n\t\t\t\r\n\t            <div class=\"cbp-item \">\r\n\t\t\t\t\t<div class=\"project-box\">\r\n\t\t\t\t\t\t<div class=\"inner\">\r\n\t\t\t\t\t\t\t<div class=\"project-image\"><img width=\"472\" height=\"603\" src=\"https:\/\/peruvianexport.com\/wp-content\/uploads\/2020\/11\/filtrante-en.png\" class=\"attachment-agrikole-full size-agrikole-full wp-post-image\" alt=\"\" loading=\"lazy\" srcset=\"https:\/\/peruvianexport.com\/wp-content\/uploads\/2020\/11\/filtrante-en.png 472w, https:\/\/peruvianexport.com\/wp-content\/uploads\/2020\/11\/filtrante-en-235x300.png 235w\" sizes=\"(max-width: 472px) 100vw, 472px\" \/><div class=\"title-wrap\" style=\"\"><h4 class=\"title\"><a href=\"https:\/\/peruvianexport.com\/en\/project\/filter\/\" title=\"FILTER\">FILTER<\/a><\/h4><\/div><div class=\"project-text\" style=\"\"><h4 class=\"title\"><a href=\"https:\/\/peruvianexport.com\/en\/project\/filter\/\" title=\"FILTER\">FILTER<\/a><\/h4><div class=\"button\"><a href=\"https:\/\/peruvianexport.com\/en\/project\/filter\/\">Read More<\/a><\/div><div class=\"arrow\"><a href=\"https:\/\/peruvianexport.com\/en\/project\/filter\/\"><span class=\"core-icon-next\"><\/span><\/a><\/div><\/div><\/div>\t\t                <\/div>\r\n\t\t\t\t\t<\/div><!-- \/.project-box -->\r\n\t            <\/div><!-- \/.cbp-item -->\r\n\t\t\t\r\n\t            <div class=\"cbp-item \">\r\n\t\t\t\t\t<div class=\"project-box\">\r\n\t\t\t\t\t\t<div class=\"inner\">\r\n\t\t\t\t\t\t\t<div class=\"project-image\"><img width=\"472\" height=\"603\" src=\"https:\/\/peruvianexport.com\/wp-content\/uploads\/2020\/11\/harina-polvo-en.png\" class=\"attachment-agrikole-full size-agrikole-full wp-post-image\" alt=\"\" loading=\"lazy\" srcset=\"https:\/\/peruvianexport.com\/wp-content\/uploads\/2020\/11\/harina-polvo-en.png 472w, https:\/\/peruvianexport.com\/wp-content\/uploads\/2020\/11\/harina-polvo-en-235x300.png 235w\" sizes=\"(max-width: 472px) 100vw, 472px\" \/><div class=\"title-wrap\" style=\"\"><h4 class=\"title\"><a href=\"https:\/\/peruvianexport.com\/en\/project\/flour-powder-and-ground\/\" title=\"FLOUR, POWDER\r\nAND GROUND\">FLOUR, POWDER\r\nAND GROUND<\/a><\/h4><\/div><div class=\"project-text\" style=\"\"><h4 class=\"title\"><a href=\"https:\/\/peruvianexport.com\/en\/project\/flour-powder-and-ground\/\" title=\"FLOUR, POWDER\r\nAND GROUND\">FLOUR, POWDER\r\nAND GROUND<\/a><\/h4><div class=\"button\"><a href=\"https:\/\/peruvianexport.com\/en\/project\/flour-powder-and-ground\/\">Read More<\/a><\/div><div class=\"arrow\"><a href=\"https:\/\/peruvianexport.com\/en\/project\/flour-powder-and-ground\/\"><span class=\"core-icon-next\"><\/span><\/a><\/div><\/div><\/div>\t\t                <\/div>\r\n\t\t\t\t\t<\/div><!-- \/.project-box -->\r\n\t            <\/div><!-- \/.cbp-item -->\r\n\t\t\t\r\n\t            <div class=\"cbp-item \">\r\n\t\t\t\t\t<div class=\"project-box\">\r\n\t\t\t\t\t\t<div class=\"inner\">\r\n\t\t\t\t\t\t\t<div class=\"project-image\"><img width=\"472\" height=\"603\" src=\"https:\/\/peruvianexport.com\/wp-content\/uploads\/2020\/11\/granos-en.png\" class=\"attachment-agrikole-full size-agrikole-full wp-post-image\" alt=\"\" loading=\"lazy\" srcset=\"https:\/\/peruvianexport.com\/wp-content\/uploads\/2020\/11\/granos-en.png 472w, https:\/\/peruvianexport.com\/wp-content\/uploads\/2020\/11\/granos-en-235x300.png 235w\" sizes=\"(max-width: 472px) 100vw, 472px\" \/><div class=\"title-wrap\" style=\"\"><h4 class=\"title\"><a href=\"https:\/\/peruvianexport.com\/en\/project\/grain-pop-nibs\/\" title=\"GRAIN \/ POP \/\r\nNIBS\">GRAIN \/ POP \/\r\nNIBS<\/a><\/h4><\/div><div class=\"project-text\" style=\"\"><h4 class=\"title\"><a href=\"https:\/\/peruvianexport.com\/en\/project\/grain-pop-nibs\/\" title=\"GRAIN \/ POP \/\r\nNIBS\">GRAIN \/ POP \/\r\nNIBS<\/a><\/h4><div class=\"button\"><a href=\"https:\/\/peruvianexport.com\/en\/project\/grain-pop-nibs\/\">Read More<\/a><\/div><div class=\"arrow\"><a href=\"https:\/\/peruvianexport.com\/en\/project\/grain-pop-nibs\/\"><span class=\"core-icon-next\"><\/span><\/a><\/div><\/div><\/div>\t\t                <\/div>\r\n\t\t\t\t\t<\/div><!-- \/.project-box -->\r\n\t            <\/div><!-- \/.cbp-item -->\r\n\t\t\t\r\n\t            <div class=\"cbp-item \">\r\n\t\t\t\t\t<div class=\"project-box\">\r\n\t\t\t\t\t\t<div class=\"inner\">\r\n\t\t\t\t\t\t\t<div class=\"project-image\"><img width=\"472\" height=\"603\" src=\"https:\/\/peruvianexport.com\/wp-content\/uploads\/2020\/11\/hojuelas-en.png\" class=\"attachment-agrikole-full size-agrikole-full wp-post-image\" alt=\"\" loading=\"lazy\" srcset=\"https:\/\/peruvianexport.com\/wp-content\/uploads\/2020\/11\/hojuelas-en.png 472w, https:\/\/peruvianexport.com\/wp-content\/uploads\/2020\/11\/hojuelas-en-235x300.png 235w\" sizes=\"(max-width: 472px) 100vw, 472px\" \/><div class=\"title-wrap\" style=\"\"><h4 class=\"title\"><a href=\"https:\/\/peruvianexport.com\/en\/project\/leaflets\/\" title=\"LEAFLETS\">LEAFLETS<\/a><\/h4><\/div><div class=\"project-text\" style=\"\"><h4 class=\"title\"><a href=\"https:\/\/peruvianexport.com\/en\/project\/leaflets\/\" title=\"LEAFLETS\">LEAFLETS<\/a><\/h4><div class=\"button\"><a href=\"https:\/\/peruvianexport.com\/en\/project\/leaflets\/\">Read More<\/a><\/div><div class=\"arrow\"><a href=\"https:\/\/peruvianexport.com\/en\/project\/leaflets\/\"><span class=\"core-icon-next\"><\/span><\/a><\/div><\/div><\/div>\t\t                <\/div>\r\n\t\t\t\t\t<\/div><!-- \/.project-box -->\r\n\t            <\/div><!-- \/.cbp-item -->\r\n\t\t\t\r\n\t            <div class=\"cbp-item \">\r\n\t\t\t\t\t<div class=\"project-box\">\r\n\t\t\t\t\t\t<div class=\"inner\">\r\n\t\t\t\t\t\t\t<div class=\"project-image\"><img width=\"472\" height=\"603\" src=\"https:\/\/peruvianexport.com\/wp-content\/uploads\/2020\/11\/gelatinizada-en.png\" class=\"attachment-agrikole-full size-agrikole-full wp-post-image\" alt=\"\" loading=\"lazy\" srcset=\"https:\/\/peruvianexport.com\/wp-content\/uploads\/2020\/11\/gelatinizada-en.png 472w, https:\/\/peruvianexport.com\/wp-content\/uploads\/2020\/11\/gelatinizada-en-235x300.png 235w\" sizes=\"(max-width: 472px) 100vw, 472px\" \/><div class=\"title-wrap\" style=\"\"><h4 class=\"title\"><a href=\"https:\/\/peruvianexport.com\/en\/project\/gelatinized\/\" title=\"GELATINIZED\">GELATINIZED<\/a><\/h4><\/div><div class=\"project-text\" style=\"\"><h4 class=\"title\"><a href=\"https:\/\/peruvianexport.com\/en\/project\/gelatinized\/\" title=\"GELATINIZED\">GELATINIZED<\/a><\/h4><div class=\"button\"><a href=\"https:\/\/peruvianexport.com\/en\/project\/gelatinized\/\">Read More<\/a><\/div><div class=\"arrow\"><a href=\"https:\/\/peruvianexport.com\/en\/project\/gelatinized\/\"><span class=\"core-icon-next\"><\/span><\/a><\/div><\/div><\/div>\t\t                <\/div>\r\n\t\t\t\t\t<\/div><!-- \/.project-box -->\r\n\t            <\/div><!-- \/.cbp-item -->\r\n\t\t\t\t\t<\/div><!-- \/#portfolio -->\r\n\r\n\t\t\t\r\n\t\r\n<\/div>\r\n<\/div><!-- \/.agrikole-project -->\r\n\r\n\r\n\t<div class=\"agrikole-spacer clearfix\" data-desktop=\"50\" data-mobi=\"40\" data-smobi=\"40\"><\/div>[\/vc_column][\/vc_row]<\/p>\n","protected":false},"excerpt":{"rendered":"<p>[vc_row full_width=&#8221;stretch_row&#8221;][vc_column][\/vc_column][\/vc_row]<\/p>\n","protected":false},"author":1,"featured_media":0,"parent":0,"menu_order":0,"comment_status":"closed","ping_status":"closed","template":"","meta":[],"yoast_head":"<!-- This site is optimized with the Yoast SEO Premium plugin v15.2 - https:\/\/yoast.com\/wordpress\/plugins\/seo\/ -->\n<title>Our Products | Productos Naturales Org\u00e1nicos<\/title>\n<meta name=\"description\" content=\"Dedicados a la producci\u00f3n y comercializaci\u00f3n de Productos Naturales Org\u00e1nicos provenientes del procesamiento de frutas y semillas.\" \/>\n<meta name=\"robots\" content=\"index, follow, max-snippet:-1, max-image-preview:large, max-video-preview:-1\" \/>\n<link rel=\"canonical\" href=\"https:\/\/peruvianexport.com\/en\/our-products\/\" \/>\n<meta property=\"og:locale\" content=\"en_US\" \/>\n<meta property=\"og:type\" content=\"article\" \/>\n<meta property=\"og:title\" content=\"Our Products | Productos Naturales Org\u00e1nicos\" \/>\n<meta property=\"og:description\" content=\"Dedicados a la producci\u00f3n y comercializaci\u00f3n de Productos Naturales Org\u00e1nicos provenientes del procesamiento de frutas y semillas.\" \/>\n<meta property=\"og:url\" content=\"https:\/\/peruvianexport.com\/en\/our-products\/\" \/>\n<meta property=\"og:site_name\" content=\"Peruvians\" \/>\n<meta property=\"article:publisher\" content=\"https:\/\/www.facebook.com\/peruvianexport\/\" \/>\n<meta property=\"article:modified_time\" content=\"2020-11-19T20:37:23+00:00\" \/>\n<meta name=\"twitter:card\" content=\"summary_large_image\" \/>\n<meta name=\"twitter:label1\" value=\"Written by\">\n\t<meta name=\"twitter:data1\" value=\"peruvians\">\n\t<meta name=\"twitter:label2\" value=\"Est. reading time\">\n\t<meta name=\"twitter:data2\" value=\"0 minutes\">\n<script type=\"application\/ld+json\" class=\"yoast-schema-graph\">{\"@context\":\"https:\/\/schema.org\",\"@graph\":[{\"@type\":\"Organization\",\"@id\":\"https:\/\/peruvianexport.com\/#organization\",\"name\":\"Peruvians\",\"url\":\"https:\/\/peruvianexport.com\/\",\"sameAs\":[\"https:\/\/www.facebook.com\/peruvianexport\/\"],\"logo\":{\"@type\":\"ImageObject\",\"@id\":\"https:\/\/peruvianexport.com\/#logo\",\"inLanguage\":\"en-US\",\"url\":\"https:\/\/peruvianexport.com\/wp-content\/uploads\/2020\/11\/logo-peruvians-1.png\",\"width\":90,\"height\":90,\"caption\":\"Peruvians\"},\"image\":{\"@id\":\"https:\/\/peruvianexport.com\/#logo\"}},{\"@type\":\"WebSite\",\"@id\":\"https:\/\/peruvianexport.com\/#website\",\"url\":\"https:\/\/peruvianexport.com\/\",\"name\":\"Peruvians\",\"description\":\"Productos Naturales Org\\u00e1nicos\",\"publisher\":{\"@id\":\"https:\/\/peruvianexport.com\/#organization\"},\"potentialAction\":[{\"@type\":\"SearchAction\",\"target\":\"https:\/\/peruvianexport.com\/?s={search_term_string}\",\"query-input\":\"required name=search_term_string\"}],\"inLanguage\":\"en-US\"},{\"@type\":\"WebPage\",\"@id\":\"https:\/\/peruvianexport.com\/en\/our-products\/#webpage\",\"url\":\"https:\/\/peruvianexport.com\/en\/our-products\/\",\"name\":\"Our Products | Productos Naturales Org\\u00e1nicos\",\"isPartOf\":{\"@id\":\"https:\/\/peruvianexport.com\/#website\"},\"datePublished\":\"2020-11-19T17:16:17+00:00\",\"dateModified\":\"2020-11-19T20:37:23+00:00\",\"description\":\"Dedicados a la producci\\u00f3n y comercializaci\\u00f3n de Productos Naturales Org\\u00e1nicos provenientes del procesamiento de frutas y semillas.\",\"inLanguage\":\"en-US\",\"potentialAction\":[{\"@type\":\"ReadAction\",\"target\":[\"https:\/\/peruvianexport.com\/en\/our-products\/\"]}]}]}<\/script>\n<!-- \/ Yoast SEO Premium plugin. -->","_links":{"self":[{"href":"https:\/\/peruvianexport.com\/en\/wp-json\/wp\/v2\/pages\/15177\/"}],"collection":[{"href":"https:\/\/peruvianexport.com\/en\/wp-json\/wp\/v2\/pages\/"}],"about":[{"href":"https:\/\/peruvianexport.com\/en\/wp-json\/wp\/v2\/types\/page\/"}],"author":[{"embeddable":true,"href":"https:\/\/peruvianexport.com\/en\/wp-json\/wp\/v2\/users\/1\/"}],"replies":[{"embeddable":true,"href":"https:\/\/peruvianexport.com\/en\/wp-json\/wp\/v2\/comments\/?post=15177"}],"version-history":[{"count":4,"href":"https:\/\/peruvianexport.com\/en\/wp-json\/wp\/v2\/pages\/15177\/revisions\/"}],"predecessor-version":[{"id":15205,"href":"https:\/\/peruvianexport.com\/en\/wp-json\/wp\/v2\/pages\/15177\/revisions\/15205\/"}],"wp:attachment":[{"href":"https:\/\/peruvianexport.com\/en\/wp-json\/wp\/v2\/media\/?parent=15177"}],"curies":[{"name":"wp","href":"https:\/\/api.w.org\/{rel}","templated":true}]}}