{"id":15174,"date":"2020-11-19T17:13:56","date_gmt":"2020-11-19T17:13:56","guid":{"rendered":"https:\/\/peruvianexport.com\/?page_id=15174"},"modified":"2020-11-20T17:53:44","modified_gmt":"2020-11-20T17:53:44","slug":"services","status":"publish","type":"page","link":"https:\/\/peruvianexport.com\/en\/services\/","title":{"rendered":"Services"},"content":{"rendered":"<p>[vc_row][vc_column]\r\n\t<div class=\"agrikole-spacer clearfix\" data-desktop=\"50\" data-mobi=\"60\" data-smobi=\"60\"><\/div>[vc_row_inner][vc_column_inner width=&#8221;1\/2&#8243;]<div class=\"agrikole-content-box clearfix \" data-padding=\"0px 70px 0px 0px\" data-mobipadding=\"0px 0px 0px 0px\" data-margin=\"\" data-mobimargin=\"\" >\r\n\t\t<div class=\"inner ctb-1441592110\" style=\"\"  data-background=\"\" data-border-style=\"solid\" data-border-style-hover=\"solid\">\r\n\t\t\t<div class=\"agrikole-simple-image simple \" style=\"border-radius:5px;overflow:hidden;\">\r\n\t\t\t\t<img alt=\"image\" src=\"https:\/\/peruvianexport.com\/wp-content\/uploads\/2020\/11\/img-servicios-1.png\" \/> \r\n\t\t\t<\/div>\r\n\t\t<\/div>\r\n\t<\/div>\r\n\t<div class=\"agrikole-spacer clearfix\" data-desktop=\"0\" data-mobi=\"40\" data-smobi=\"40\"><\/div>[\/vc_column_inner][vc_column_inner width=&#8221;1\/2&#8243;]<div class=\"agrikole-headings clearfix \" data-font=60 data-mfont=42 style=\"\"><div class=\"pre-heading clearfix\" style=\"font-weight:700;color:#3bbf31;font-size:18px;letter-spacing:3px;\">\r\n\t\tWE ARE PERUVIANS\r\n\t<\/div><h2 class=\"heading clearfix \" style=\"color:#333333;line-height:60px;font-size:60px;\">\r\n\t\tServices<br \/>\nProfessionals\r\n\t<\/h2><div class=\"sep clearfix\" style=\"margin:5px 0 0;\">\r\n\t\t\t\t<img alt=\"image\" src=\"https:\/\/peruvianexport.com\/wp-content\/uploads\/2020\/11\/separator-naranja.png\">\r\n\t\t\t<\/div><\/div>\r\n\t<div class=\"agrikole-spacer clearfix\" data-desktop=\"25\" data-mobi=\"30\" data-smobi=\"30\"><\/div>[vc_column_text]<\/p>\n<p style=\"text-align: justify;\">In PERUVIANS we have as our supply centers Oxapampa, Jun\u00edn, Satipo, Pampas, Huanta, Concepci\u00f3n, Jauja and Hu\u00e1nuco. In this way, in addition to helping with the development of our associates, we ensure the quality of our products from the cultivation of what is our raw material. We have professionals who are experts in agriculture.<\/p>\n<p>[\/vc_column_text]\r\n\t<div class=\"agrikole-spacer clearfix\" data-desktop=\"25\" data-mobi=\"30\" data-smobi=\"30\"><\/div><div class=\"agrikole-content-box clearfix \" data-padding=\"30px 30px 30px 30px\" data-mobipadding=\"30px 30px 30px 30px\" data-margin=\"\" data-mobimargin=\"\" >\r\n\t\t<div class=\"inner ctb-1370319313\" style=\" width:370px;\"  data-background=\"#44230f\" data-rounded=\"5px\" data-border-style=\"solid\" data-border-style-hover=\"solid\">\r\n\t\t\t<div class=\"agrikole-icon-box clearfix icon-left align-left  link-hover-accent simple\" style=\"\" ><div class=\"wrap-inner\" style=\"position: relative;\"><div class=\"agrikole-icon icon-1222416331 icon-font custom custom\"  data-icon=\"#ffb12d\" data-background=\"\">\r\n\t\t\t<span class=\"icon\" style=\"font-size:64px;width:64px;height:64px;border-style:solid;line-height:64px;\"><i class=\"agri-check-list\"><\/i><\/span>\r\n\t\t<\/div> <div class=\"content-wrap\"><h3 class=\"heading  white\" style=\"padding-left:80px;color:#ffffff;font-size:20px;line-height:32px;padding-top:2px;\">\r\n\t\t\t<span>We have Certificates<br \/>\nExclusive<\/span>\r\n\t\t<\/h3><\/div><\/div><\/div>\r\n\t\t<\/div>\r\n\t<\/div>[\/vc_column_inner][\/vc_row_inner]\r\n\t<div class=\"agrikole-spacer clearfix\" data-desktop=\"50\" data-mobi=\"60\" data-smobi=\"60\"><\/div>[\/vc_column][\/vc_row][vc_row full_width=&#8221;stretch_row&#8221; css=&#8221;.vc_custom_1605307176163{background-image: url(https:\/\/peruvianexport.com\/wp-content\/uploads\/2020\/11\/bg-producto.png?id=14587) !important;background-position: 0 0 !important;background-repeat: repeat !important;}&#8221;][vc_column]\r\n\t<div class=\"agrikole-spacer clearfix\" data-desktop=\"50\" data-mobi=\"60\" data-smobi=\"60\"><\/div><div class=\"agrikole-headings clearfix text-center\" data-font=42 data-mfont=42 style=\"\"><div class=\"pre-heading clearfix\" style=\"font-weight:700;color:#3bbf31;font-size:18px;letter-spacing:3px;\">\r\n\t\tEXPERTS IN THE AGRICULTURAL INDUSTRY\r\n\t<\/div><h2 class=\"heading clearfix \" style=\"color:#333333;line-height:42px;font-size:42px;\">\r\n\t\tOur services\r\n\t<\/h2><div class=\"sub-heading clearfix\">\r\n\t\t<p>We are a Team of Professionals and Technicians, with experience in the agricultural industry.<\/p>\n\r\n\t<\/div><div class=\"sep clearfix\" style=\"margin:5px 0 0;\">\r\n\t\t\t\t<img alt=\"image\" src=\"https:\/\/peruvianexport.com\/wp-content\/uploads\/2020\/11\/separator-naranja.png\">\r\n\t\t\t<\/div><\/div>\r\n\t<div class=\"agrikole-spacer clearfix\" data-desktop=\"35\" data-mobi=\"40\" data-smobi=\"40\"><\/div><div class=\"agrikole-carousel-box arrow-style-1 arrow-center offsetcenter offset-v0 arrow50\" data-auto=\"true\" data-loop=\"true\" data-gap=\"30\" data-column=\"3\" data-column2=\"2\" data-column3=\"1\">\r\n        <div class=\"owl-carousel owl-theme\"><div class=\"agrikole-content-box clearfix \" data-padding=\"35px 35px 35px\" data-mobipadding=\"35px 35px 35px\" data-margin=\"\" data-mobimargin=\"0px 0px 25px 0px\" >\r\n\t\t<div class=\"inner ctb-773936363\" style=\"\"  data-background=\"#ffffff\" data-rounded=\"5px\" data-border-color=\"#3abd30\" data-border-width=\"2px\" data-border-style=\"solid\" data-border-style-hover=\"solid\" data-shadow-hover=\" 0px 20px 20px 0px rgba(0,0,0,0.05)\">\r\n\t\t\t<div class=\"agrikole-icon-box clearfix icon-top align-center  link-hover-accent simple\" style=\"\" ><div class=\"wrap-inner\" style=\"position: relative;\"><div class=\"agrikole-icon icon-417023116 icon-font custom custom\"  data-icon=\"#ffffff\" data-background=\"#ffb12d\">\r\n\t\t\t<span class=\"icon\" style=\"font-size:64px;width:136px;height:136px;border-style:solid;border-radius:70px;line-height:136px;\"><i class=\"agri-windmill\"><\/i><\/span>\r\n\t\t<\/div> <div class=\"content-wrap\"><h3 class=\"heading \" style=\"font-weight:500;font-size:20px;line-height:28px;margin-top:34px;margin-bottom:14px;\">\r\n\t\t\t<span>GRINDING OF GRAINS<\/span>\r\n\t\t<\/h3><div class=\"desc\" style=\"line-height:28px;\"><p>It is carried out gradually, obtaining in each stage a part of flour and another part of larger particles.<\/p>\n<\/div><\/div><\/div><\/div>\r\n\t\t<\/div>\r\n\t<\/div><div class=\"agrikole-content-box clearfix \" data-padding=\"35px 35px 35px\" data-mobipadding=\"35px 35px 35px\" data-margin=\"\" data-mobimargin=\"\" >\r\n\t\t<div class=\"inner ctb-49093470\" style=\"\"  data-background=\"#ffffff\" data-rounded=\"5px\" data-border-color=\"#3abd30\" data-border-width=\"2px\" data-border-style=\"solid\" data-shadow=\" 0px 20px 20px 0px rgba(0,0,0,0.05)\" data-border-style-hover=\"solid\">\r\n\t\t\t<div class=\"agrikole-icon-box clearfix icon-top align-center  link-hover-accent simple\" style=\"\" ><div class=\"wrap-inner\" style=\"position: relative;\"><div class=\"agrikole-icon icon-1465574834 icon-font custom custom\"  data-icon=\"#ffffff\" data-background=\"#ffb12d\">\r\n\t\t\t<span class=\"icon\" style=\"font-size:64px;width:136px;height:136px;border-style:solid;border-radius:70px;line-height:136px;\"><i class=\"agri-smart-farm\"><\/i><\/span>\r\n\t\t<\/div> <div class=\"content-wrap\"><h3 class=\"heading \" style=\"font-weight:500;font-size:20px;line-height:28px;margin-top:34px;margin-bottom:14px;\">\r\n\t\t\t<span>PRODUCT EXPORT<\/span>\r\n\t\t<\/h3><div class=\"desc\" style=\"line-height:28px;\"><p>We ensure the quality of our products from cultivation to raw material.<\/p>\n<\/div><\/div><\/div><\/div>\r\n\t<div class=\"agrikole-spacer clearfix\" data-desktop=\"28\" data-mobi=\"30\" data-smobi=\"30\"><\/div>\r\n\t\t<\/div>\r\n\t<\/div><div class=\"agrikole-content-box clearfix \" data-padding=\"35px 35px 35px\" data-mobipadding=\"35px 35px 35px\" data-margin=\"\" data-mobimargin=\"\" >\r\n\t\t<div class=\"inner ctb-522258626\" style=\"\"  data-background=\"#ffffff\" data-rounded=\"5px\" data-border-color=\"#3abd30\" data-border-width=\"2px\" data-border-style=\"solid\" data-border-style-hover=\"solid\" data-shadow-hover=\" 0px 20px 20px 0px rgba(0,0,0,0.05)\">\r\n\t\t\t<div class=\"agrikole-icon-box clearfix icon-top align-center  link-hover-accent simple\" style=\"\" ><div class=\"wrap-inner\" style=\"position: relative;\"><div class=\"agrikole-icon icon-144873464 icon-font custom custom\"  data-icon=\"#ffffff\" data-background=\"#ffb12d\">\r\n\t\t\t<span class=\"icon\" style=\"font-size:64px;width:136px;height:136px;border-style:solid;border-radius:70px;line-height:136px;\"><i class=\"agri-temperature\"><\/i><\/span>\r\n\t\t<\/div> <div class=\"content-wrap\"><h3 class=\"heading \" style=\"font-weight:500;font-size:20px;line-height:28px;margin-top:34px;margin-bottom:14px;\">\r\n\t\t\t<span>GRAIN TOAST<\/span>\r\n\t\t<\/h3><div class=\"desc\" style=\"line-height:28px;\"><p>We grow and roast beans with excellent flavor and exceptional aroma. Committed to agriculture.<\/p>\n<\/div><\/div><\/div><\/div>\r\n\t\t<\/div>\r\n\t<\/div><div class=\"agrikole-content-box clearfix \" data-padding=\"35px 35px 35px\" data-mobipadding=\"35px 35px 35px\" data-margin=\"\" data-mobimargin=\"\" >\r\n\t\t<div class=\"inner ctb-966919472\" style=\"\"  data-background=\"#ffffff\" data-rounded=\"5px\" data-border-color=\"#3abd30\" data-border-width=\"2px\" data-border-style=\"solid\" data-border-style-hover=\"solid\" data-shadow-hover=\" 0px 20px 20px 0px rgba(0,0,0,0.05)\">\r\n\t\t\t<div class=\"agrikole-icon-box clearfix icon-top align-center  link-hover-accent simple\" style=\"\" ><div class=\"wrap-inner\" style=\"position: relative;\"><div class=\"agrikole-icon icon-1984294841 icon-font custom custom\"  data-icon=\"#ffffff\" data-background=\"#ffb12d\">\r\n\t\t\t<span class=\"icon\" style=\"font-size:64px;width:136px;height:136px;border-style:solid;border-radius:70px;line-height:136px;\"><i class=\"agri-ecofriendly\"><\/i><\/span>\r\n\t\t<\/div> <div class=\"content-wrap\"><h3 class=\"heading \" style=\"font-weight:500;font-size:20px;line-height:28px;margin-top:34px;margin-bottom:14px;\">\r\n\t\t\t<span>MEDICINAL HERBS<\/span>\r\n\t\t<\/h3><div class=\"desc\" style=\"line-height:28px;\"><p>They can be used whole or in specific parts to treat diseases of people and animals.<\/p>\n<\/div><\/div><\/div><\/div>\r\n\t<div class=\"agrikole-spacer clearfix\" data-desktop=\"28\" data-mobi=\"28\" data-smobi=\"28\"><\/div>\r\n\t\t<\/div>\r\n\t<\/div><div class=\"agrikole-content-box clearfix \" data-padding=\"35px 35px 35px\" data-mobipadding=\"35px 35px 35px\" data-margin=\"\" data-mobimargin=\"\" >\r\n\t\t<div class=\"inner ctb-1398849328\" style=\"\"  data-background=\"#ffffff\" data-rounded=\"5px\" data-border-color=\"#3abd30\" data-border-width=\"2px\" data-border-style=\"solid\" data-border-style-hover=\"solid\" data-shadow-hover=\" 0px 20px 20px 0px rgba(0,0,0,0.05)\">\r\n\t\t\t<div class=\"agrikole-icon-box clearfix icon-top align-center  link-hover-accent simple\" style=\"\" ><div class=\"wrap-inner\" style=\"position: relative;\"><div class=\"agrikole-icon icon-663395508 icon-font custom custom\"  data-icon=\"#ffffff\" data-background=\"#ffb12d\">\r\n\t\t\t<span class=\"icon\" style=\"font-size:64px;width:136px;height:136px;border-style:solid;border-radius:70px;line-height:136px;\"><i class=\"agri-well\"><\/i><\/span>\r\n\t\t<\/div> <div class=\"content-wrap\"><h3 class=\"heading \" style=\"font-weight:500;font-size:20px;line-height:28px;margin-top:34px;margin-bottom:14px;\">\r\n\t\t\t<span>AROMATIC HERBS<\/span>\r\n\t\t<\/h3><div class=\"desc\" style=\"line-height:28px;\"><p>The leaves, whether fresh, dried, or dehydrated, are used to season culinary dishes, whether raw or cooked.<\/p>\n<\/div><\/div><\/div><\/div>\r\n\t\t<\/div>\r\n\t<\/div><div class=\"agrikole-content-box clearfix \" data-padding=\"35px 35px 35px\" data-mobipadding=\"35px 35px 35px\" data-margin=\"\" data-mobimargin=\"\" >\r\n\t\t<div class=\"inner ctb-118924807\" style=\"\"  data-background=\"#ffffff\" data-rounded=\"5px\" data-border-color=\"#3abd30\" data-border-width=\"2px\" data-border-style=\"solid\" data-border-style-hover=\"solid\" data-shadow-hover=\" 0px 20px 20px 0px rgba(0,0,0,0.05)\">\r\n\t\t\t<div class=\"agrikole-icon-box clearfix icon-top align-center  link-hover-accent simple\" style=\"\" ><div class=\"wrap-inner\" style=\"position: relative;\"><div class=\"agrikole-icon icon-1844266316 icon-font custom custom\"  data-icon=\"#ffffff\" data-background=\"#ffb12d\">\r\n\t\t\t<span class=\"icon\" style=\"font-size:64px;width:136px;height:136px;border-style:solid;border-radius:70px;line-height:136px;\"><i class=\"agri-trees\"><\/i><\/span>\r\n\t\t<\/div> <div class=\"content-wrap\"><h3 class=\"heading \" style=\"font-weight:500;font-size:20px;line-height:28px;margin-top:34px;margin-bottom:14px;\">\r\n\t\t\t<span>DEHYDRATED FRUITS AND VEGETABLES<\/span>\r\n\t\t<\/h3><div class=\"desc\" style=\"line-height:28px;\"><p>We use food in perfect condition and we respect good practices.<\/p>\n<\/div><\/div><\/div><\/div>\r\n\t\t<\/div>\r\n\t<\/div><div class=\"agrikole-content-box clearfix \" data-padding=\"35px 35px 35px\" data-mobipadding=\"35px 35px 35px\" data-margin=\"\" data-mobimargin=\"\" >\r\n\t\t<div class=\"inner ctb-1653266918\" style=\"\"  data-background=\"#ffffff\" data-rounded=\"5px\" data-border-color=\"#3abd30\" data-border-width=\"2px\" data-border-style=\"solid\" data-border-style-hover=\"solid\" data-shadow-hover=\" 0px 20px 20px 0px rgba(0,0,0,0.05)\">\r\n\t\t\t<div class=\"agrikole-icon-box clearfix icon-top align-center  link-hover-accent simple\" style=\"\" ><div class=\"wrap-inner\" style=\"position: relative;\"><div class=\"agrikole-icon icon-345126485 icon-font custom custom\"  data-icon=\"#ffffff\" data-background=\"#ffb12d\">\r\n\t\t\t<span class=\"icon\" style=\"font-size:64px;width:136px;height:136px;border-style:solid;border-radius:70px;line-height:136px;\"><i class=\"agri-flower-seed\"><\/i><\/span>\r\n\t\t<\/div> <div class=\"content-wrap\"><h3 class=\"heading \" style=\"font-weight:500;font-size:20px;line-height:28px;margin-top:34px;margin-bottom:14px;\">\r\n\t\t\t<span>PACKAGED WITH YOUR OWN BRAND<\/span>\r\n\t\t<\/h3><div class=\"desc\" style=\"line-height:28px;\"><p>Have implemented this service in order to give better quality to your product.<\/p>\n<\/div><\/div><\/div><\/div>\r\n\t\t<\/div>\r\n\t<\/div><\/div>\r\n\t<\/div>\r\n\t<div class=\"agrikole-spacer clearfix\" data-desktop=\"80\" data-mobi=\"60\" data-smobi=\"60\"><\/div>[\/vc_column][\/vc_row][vc_row][vc_column]\r\n\t<div class=\"agrikole-spacer clearfix\" data-desktop=\"55\" data-mobi=\"40\" data-smobi=\"40\"><\/div><div class=\"agrikole-content-box clearfix \" data-padding=\"46px 60px\" data-mobipadding=\"46px 60px\" data-margin=\"\" data-mobimargin=\"\" >\r\n\t\t<div class=\"inner ctb-2139368783\" style=\"background:url(https:\/\/peruvianexport.com\/wp-content\/uploads\/2020\/11\/banner-contacto.png) left top no-repeat;background-size:cover;\"  data-background=\"\" data-rounded=\"5px\" data-border-style=\"solid\" data-border-style-hover=\"solid\">\r\n\t\t\t<div class=\"agrikole-action-box \" style=\"\">\r\n\t\t<div class=\"inner\">\r\n\t<div class=\"heading-wrap\" style=\"width:65%;\">\r\n\t\t<h2 class=\"heading\" style=\"color:#ffffff;font-size:30px;\">\r\n\t\t\tPRODUCTION AND COMMERCIALIZATION OF NATURAL PRODUCTS\r\n\t\t<\/h2>\r\n\t\t\r\n\t<div class=\"subheading-wrap \">\r\n\t\t<div style=\"\">\r\n\t\t\t\r\n\t\t<\/div>\r\n\t<\/div>\r\n\t<\/div><div class=\"url-wrap\" style=\"width:25%;\">\r\n\t\t\t<a target=\"no\" class=\"agrikole-button medium btn-946455866 custom\" href=\"\/en\/contac\/\" style=\"border-radius:5px;\"  data-text=\"#ffffff\" data-background=\"#3bbf31\"><span>Contact Us<\/span><\/a>\r\n\t\t<\/div><\/div>\r\n\t<\/div>\r\n\t\t<\/div>\r\n\t<\/div>\r\n\t<div class=\"agrikole-spacer clearfix\" data-desktop=\"55\" data-mobi=\"40\" data-smobi=\"40\"><\/div>[\/vc_column][\/vc_row]<\/p>\n","protected":false},"excerpt":{"rendered":"<p>[vc_row][vc_column][vc_row_inner][vc_column_inner width=&#8221;1\/2&#8243;][\/vc_column_inner][vc_column_inner width=&#8221;1\/2&#8243;][vc_column_text] In PERUVIANS we have as our supply centers Oxapampa, Jun\u00edn, Satipo, Pampas, Huanta, Concepci\u00f3n, Jauja and Hu\u00e1nuco. In this way, in addition to helping with the development of our associates, we ensure the quality of our products from the cultivation of what is our raw material. We<\/p>\n","protected":false},"author":1,"featured_media":0,"parent":0,"menu_order":0,"comment_status":"closed","ping_status":"closed","template":"","meta":[],"yoast_head":"<!-- This site is optimized with the Yoast SEO Premium plugin v15.2 - https:\/\/yoast.com\/wordpress\/plugins\/seo\/ -->\n<title>Services | Productos Naturales Org\u00e1nicos<\/title>\n<meta name=\"description\" content=\"Dedicados a la producci\u00f3n y comercializaci\u00f3n de Productos Naturales Org\u00e1nicos provenientes del procesamiento de frutas y semillas.\" \/>\n<meta name=\"robots\" content=\"index, follow, max-snippet:-1, max-image-preview:large, max-video-preview:-1\" \/>\n<link rel=\"canonical\" href=\"https:\/\/peruvianexport.com\/en\/services\/\" \/>\n<meta property=\"og:locale\" content=\"en_US\" \/>\n<meta property=\"og:type\" content=\"article\" \/>\n<meta property=\"og:title\" content=\"Services | Productos Naturales Org\u00e1nicos\" \/>\n<meta property=\"og:description\" content=\"Dedicados a la producci\u00f3n y comercializaci\u00f3n de Productos Naturales Org\u00e1nicos provenientes del procesamiento de frutas y semillas.\" \/>\n<meta property=\"og:url\" content=\"https:\/\/peruvianexport.com\/en\/services\/\" \/>\n<meta property=\"og:site_name\" content=\"Peruvians\" \/>\n<meta property=\"article:publisher\" content=\"https:\/\/www.facebook.com\/peruvianexport\/\" \/>\n<meta property=\"article:modified_time\" content=\"2020-11-20T17:53:44+00:00\" \/>\n<meta name=\"twitter:card\" content=\"summary_large_image\" \/>\n<meta name=\"twitter:label1\" value=\"Written by\">\n\t<meta name=\"twitter:data1\" value=\"peruvians\">\n\t<meta name=\"twitter:label2\" value=\"Est. reading time\">\n\t<meta name=\"twitter:data2\" value=\"5 minutes\">\n<script type=\"application\/ld+json\" class=\"yoast-schema-graph\">{\"@context\":\"https:\/\/schema.org\",\"@graph\":[{\"@type\":\"Organization\",\"@id\":\"https:\/\/peruvianexport.com\/#organization\",\"name\":\"Peruvians\",\"url\":\"https:\/\/peruvianexport.com\/\",\"sameAs\":[\"https:\/\/www.facebook.com\/peruvianexport\/\"],\"logo\":{\"@type\":\"ImageObject\",\"@id\":\"https:\/\/peruvianexport.com\/#logo\",\"inLanguage\":\"en-US\",\"url\":\"https:\/\/peruvianexport.com\/wp-content\/uploads\/2020\/11\/logo-peruvians-1.png\",\"width\":90,\"height\":90,\"caption\":\"Peruvians\"},\"image\":{\"@id\":\"https:\/\/peruvianexport.com\/#logo\"}},{\"@type\":\"WebSite\",\"@id\":\"https:\/\/peruvianexport.com\/#website\",\"url\":\"https:\/\/peruvianexport.com\/\",\"name\":\"Peruvians\",\"description\":\"Productos Naturales Org\\u00e1nicos\",\"publisher\":{\"@id\":\"https:\/\/peruvianexport.com\/#organization\"},\"potentialAction\":[{\"@type\":\"SearchAction\",\"target\":\"https:\/\/peruvianexport.com\/?s={search_term_string}\",\"query-input\":\"required name=search_term_string\"}],\"inLanguage\":\"en-US\"},{\"@type\":\"WebPage\",\"@id\":\"https:\/\/peruvianexport.com\/en\/services\/#webpage\",\"url\":\"https:\/\/peruvianexport.com\/en\/services\/\",\"name\":\"Services | Productos Naturales Org\\u00e1nicos\",\"isPartOf\":{\"@id\":\"https:\/\/peruvianexport.com\/#website\"},\"datePublished\":\"2020-11-19T17:13:56+00:00\",\"dateModified\":\"2020-11-20T17:53:44+00:00\",\"description\":\"Dedicados a la producci\\u00f3n y comercializaci\\u00f3n de Productos Naturales Org\\u00e1nicos provenientes del procesamiento de frutas y semillas.\",\"inLanguage\":\"en-US\",\"potentialAction\":[{\"@type\":\"ReadAction\",\"target\":[\"https:\/\/peruvianexport.com\/en\/services\/\"]}]}]}<\/script>\n<!-- \/ Yoast SEO Premium plugin. -->","_links":{"self":[{"href":"https:\/\/peruvianexport.com\/en\/wp-json\/wp\/v2\/pages\/15174\/"}],"collection":[{"href":"https:\/\/peruvianexport.com\/en\/wp-json\/wp\/v2\/pages\/"}],"about":[{"href":"https:\/\/peruvianexport.com\/en\/wp-json\/wp\/v2\/types\/page\/"}],"author":[{"embeddable":true,"href":"https:\/\/peruvianexport.com\/en\/wp-json\/wp\/v2\/users\/1\/"}],"replies":[{"embeddable":true,"href":"https:\/\/peruvianexport.com\/en\/wp-json\/wp\/v2\/comments\/?post=15174"}],"version-history":[{"count":7,"href":"https:\/\/peruvianexport.com\/en\/wp-json\/wp\/v2\/pages\/15174\/revisions\/"}],"predecessor-version":[{"id":15274,"href":"https:\/\/peruvianexport.com\/en\/wp-json\/wp\/v2\/pages\/15174\/revisions\/15274\/"}],"wp:attachment":[{"href":"https:\/\/peruvianexport.com\/en\/wp-json\/wp\/v2\/media\/?parent=15174"}],"curies":[{"name":"wp","href":"https:\/\/api.w.org\/{rel}","templated":true}]}}