{"id":15171,"date":"2020-11-19T17:09:49","date_gmt":"2020-11-19T17:09:49","guid":{"rendered":"https:\/\/peruvianexport.com\/?page_id=15171"},"modified":"2020-11-20T19:23:08","modified_gmt":"2020-11-20T19:23:08","slug":"gallery","status":"publish","type":"page","link":"https:\/\/peruvianexport.com\/en\/gallery\/","title":{"rendered":"Gallery"},"content":{"rendered":"<p>[vc_row][vc_column]\r\n\t<div class=\"agrikole-spacer clearfix\" data-desktop=\"50\" data-mobi=\"60\" data-smobi=\"60\"><\/div><div class=\"agrikole-headings clearfix text-center\" data-font=42 data-mfont=42 style=\"\"><div class=\"pre-heading clearfix\" style=\"font-weight:700;color:#3bbf31;font-size:18px;letter-spacing:3px;\">\r\n\t\tOUR BEST MOMENTS\r\n\t<\/div><h2 class=\"heading clearfix \" style=\"color:#333333;line-height:42px;font-size:42px;\">\r\n\t\tPlasma in Images\r\n\t<\/h2><div class=\"sub-heading clearfix\">\r\n\t\t<p>In PERUVIANS we have a variety of Natural Products for export.<\/p>\n\r\n\t<\/div><div class=\"sep clearfix\" style=\"margin:5px 0 0;\">\r\n\t\t\t\t<img alt=\"image\" src=\"https:\/\/peruvianexport.com\/wp-content\/uploads\/2020\/11\/separator-naranja.png\">\r\n\t\t\t<\/div><\/div>\r\n\t<div class=\"agrikole-spacer clearfix\" data-desktop=\"35\" data-mobi=\"40\" data-smobi=\"40\"><\/div><div class=\"agrikole-images-grid clearfix\" data-layout=\"grid\" data-column=\"3\" data-column2=\"3\" data-column3=\"2\" data-column4=\"1\" data-gaph=\"30\" data-gapv=\"30\"><div id=\"images-wrap\" class=\"cbp\"><div class=\"cbp-item\"><div class=\"item-wrap\" style=\"border-radius:5px;overflow:hidden;\"><a class=\"zoom-popup cbp-lightbox\" href=\"https:\/\/peruvianexport.com\/wp-content\/uploads\/2020\/11\/galeria-1.png\"><\/a><img src=\"https:\/\/peruvianexport.com\/wp-content\/uploads\/2020\/11\/galeria-1.png\" alt=\"image\" \/><\/div><\/div><div class=\"cbp-item\"><div class=\"item-wrap\" style=\"border-radius:5px;overflow:hidden;\"><a class=\"zoom-popup cbp-lightbox\" href=\"https:\/\/peruvianexport.com\/wp-content\/uploads\/2020\/11\/galeria-10.png\"><\/a><img src=\"https:\/\/peruvianexport.com\/wp-content\/uploads\/2020\/11\/galeria-10.png\" alt=\"image\" \/><\/div><\/div><div class=\"cbp-item\"><div class=\"item-wrap\" style=\"border-radius:5px;overflow:hidden;\"><a class=\"zoom-popup cbp-lightbox\" href=\"https:\/\/peruvianexport.com\/wp-content\/uploads\/2020\/11\/galeria-2.png\"><\/a><img src=\"https:\/\/peruvianexport.com\/wp-content\/uploads\/2020\/11\/galeria-2.png\" alt=\"image\" \/><\/div><\/div><div class=\"cbp-item\"><div class=\"item-wrap\" style=\"border-radius:5px;overflow:hidden;\"><a class=\"zoom-popup cbp-lightbox\" href=\"https:\/\/peruvianexport.com\/wp-content\/uploads\/2020\/11\/galeria-9.png\"><\/a><img src=\"https:\/\/peruvianexport.com\/wp-content\/uploads\/2020\/11\/galeria-9.png\" alt=\"image\" \/><\/div><\/div><div class=\"cbp-item\"><div class=\"item-wrap\" style=\"border-radius:5px;overflow:hidden;\"><a class=\"zoom-popup cbp-lightbox\" href=\"https:\/\/peruvianexport.com\/wp-content\/uploads\/2020\/11\/galeria-11.png\"><\/a><img src=\"https:\/\/peruvianexport.com\/wp-content\/uploads\/2020\/11\/galeria-11.png\" alt=\"image\" \/><\/div><\/div><div class=\"cbp-item\"><div class=\"item-wrap\" style=\"border-radius:5px;overflow:hidden;\"><a class=\"zoom-popup cbp-lightbox\" href=\"https:\/\/peruvianexport.com\/wp-content\/uploads\/2020\/11\/galeria-4.png\"><\/a><img src=\"https:\/\/peruvianexport.com\/wp-content\/uploads\/2020\/11\/galeria-4.png\" alt=\"image\" \/><\/div><\/div><div class=\"cbp-item\"><div class=\"item-wrap\" style=\"border-radius:5px;overflow:hidden;\"><a class=\"zoom-popup cbp-lightbox\" href=\"https:\/\/peruvianexport.com\/wp-content\/uploads\/2020\/11\/galeria-3.png\"><\/a><img src=\"https:\/\/peruvianexport.com\/wp-content\/uploads\/2020\/11\/galeria-3.png\" alt=\"image\" \/><\/div><\/div><\/div><\/div>\r\n\t<div class=\"agrikole-spacer clearfix\" data-desktop=\"50\" data-mobi=\"60\" data-smobi=\"60\"><\/div>[\/vc_column][\/vc_row]<\/p>\n","protected":false},"excerpt":{"rendered":"<p>[vc_row][vc_column][\/vc_column][\/vc_row]<\/p>\n","protected":false},"author":1,"featured_media":0,"parent":0,"menu_order":0,"comment_status":"closed","ping_status":"closed","template":"","meta":[],"yoast_head":"<!-- This site is optimized with the Yoast SEO Premium plugin v15.2 - https:\/\/yoast.com\/wordpress\/plugins\/seo\/ -->\n<title>Gallery | Productos Naturales Org\u00e1nicos<\/title>\n<meta name=\"description\" content=\"Dedicados a la producci\u00f3n y comercializaci\u00f3n de Productos Naturales Org\u00e1nicos provenientes del procesamiento de frutas y semillas.\" \/>\n<meta name=\"robots\" content=\"index, follow, max-snippet:-1, max-image-preview:large, max-video-preview:-1\" \/>\n<link rel=\"canonical\" href=\"https:\/\/peruvianexport.com\/en\/gallery\/\" \/>\n<meta property=\"og:locale\" content=\"en_US\" \/>\n<meta property=\"og:type\" content=\"article\" \/>\n<meta property=\"og:title\" content=\"Gallery | Productos Naturales Org\u00e1nicos\" \/>\n<meta property=\"og:description\" content=\"Dedicados a la producci\u00f3n y comercializaci\u00f3n de Productos Naturales Org\u00e1nicos provenientes del procesamiento de frutas y semillas.\" \/>\n<meta property=\"og:url\" content=\"https:\/\/peruvianexport.com\/en\/gallery\/\" \/>\n<meta property=\"og:site_name\" content=\"Peruvians\" \/>\n<meta property=\"article:publisher\" content=\"https:\/\/www.facebook.com\/peruvianexport\/\" \/>\n<meta property=\"article:modified_time\" content=\"2020-11-20T19:23:08+00:00\" \/>\n<meta name=\"twitter:card\" content=\"summary_large_image\" \/>\n<meta name=\"twitter:label1\" value=\"Written by\">\n\t<meta name=\"twitter:data1\" value=\"peruvians\">\n\t<meta name=\"twitter:label2\" value=\"Est. reading time\">\n\t<meta name=\"twitter:data2\" value=\"0 minutes\">\n<script type=\"application\/ld+json\" class=\"yoast-schema-graph\">{\"@context\":\"https:\/\/schema.org\",\"@graph\":[{\"@type\":\"Organization\",\"@id\":\"https:\/\/peruvianexport.com\/#organization\",\"name\":\"Peruvians\",\"url\":\"https:\/\/peruvianexport.com\/\",\"sameAs\":[\"https:\/\/www.facebook.com\/peruvianexport\/\"],\"logo\":{\"@type\":\"ImageObject\",\"@id\":\"https:\/\/peruvianexport.com\/#logo\",\"inLanguage\":\"en-US\",\"url\":\"https:\/\/peruvianexport.com\/wp-content\/uploads\/2020\/11\/logo-peruvians-1.png\",\"width\":90,\"height\":90,\"caption\":\"Peruvians\"},\"image\":{\"@id\":\"https:\/\/peruvianexport.com\/#logo\"}},{\"@type\":\"WebSite\",\"@id\":\"https:\/\/peruvianexport.com\/#website\",\"url\":\"https:\/\/peruvianexport.com\/\",\"name\":\"Peruvians\",\"description\":\"Productos Naturales Org\\u00e1nicos\",\"publisher\":{\"@id\":\"https:\/\/peruvianexport.com\/#organization\"},\"potentialAction\":[{\"@type\":\"SearchAction\",\"target\":\"https:\/\/peruvianexport.com\/?s={search_term_string}\",\"query-input\":\"required name=search_term_string\"}],\"inLanguage\":\"en-US\"},{\"@type\":\"WebPage\",\"@id\":\"https:\/\/peruvianexport.com\/en\/gallery\/#webpage\",\"url\":\"https:\/\/peruvianexport.com\/en\/gallery\/\",\"name\":\"Gallery | Productos Naturales Org\\u00e1nicos\",\"isPartOf\":{\"@id\":\"https:\/\/peruvianexport.com\/#website\"},\"datePublished\":\"2020-11-19T17:09:49+00:00\",\"dateModified\":\"2020-11-20T19:23:08+00:00\",\"description\":\"Dedicados a la producci\\u00f3n y comercializaci\\u00f3n de Productos Naturales Org\\u00e1nicos provenientes del procesamiento de frutas y semillas.\",\"inLanguage\":\"en-US\",\"potentialAction\":[{\"@type\":\"ReadAction\",\"target\":[\"https:\/\/peruvianexport.com\/en\/gallery\/\"]}]}]}<\/script>\n<!-- \/ Yoast SEO Premium plugin. -->","_links":{"self":[{"href":"https:\/\/peruvianexport.com\/en\/wp-json\/wp\/v2\/pages\/15171\/"}],"collection":[{"href":"https:\/\/peruvianexport.com\/en\/wp-json\/wp\/v2\/pages\/"}],"about":[{"href":"https:\/\/peruvianexport.com\/en\/wp-json\/wp\/v2\/types\/page\/"}],"author":[{"embeddable":true,"href":"https:\/\/peruvianexport.com\/en\/wp-json\/wp\/v2\/users\/1\/"}],"replies":[{"embeddable":true,"href":"https:\/\/peruvianexport.com\/en\/wp-json\/wp\/v2\/comments\/?post=15171"}],"version-history":[{"count":4,"href":"https:\/\/peruvianexport.com\/en\/wp-json\/wp\/v2\/pages\/15171\/revisions\/"}],"predecessor-version":[{"id":15284,"href":"https:\/\/peruvianexport.com\/en\/wp-json\/wp\/v2\/pages\/15171\/revisions\/15284\/"}],"wp:attachment":[{"href":"https:\/\/peruvianexport.com\/en\/wp-json\/wp\/v2\/media\/?parent=15171"}],"curies":[{"name":"wp","href":"https:\/\/api.w.org\/{rel}","templated":true}]}}